{"id":115,"date":"2020-05-09T13:27:51","date_gmt":"2020-05-09T13:27:51","guid":{"rendered":"https:\/\/casaparinteasca.md\/?page_id=115"},"modified":"2020-05-17T16:39:45","modified_gmt":"2020-05-17T16:39:45","slug":"feedback","status":"publish","type":"page","link":"https:\/\/casaparinteasca.md\/ru\/feedback\/","title":{"rendered":"Feedback"},"content":{"rendered":"<div class=\"vc_row wpb_row vc_row-fluid\"><div class=\"wpb_column vc_column_container vc_col-sm-12\"><div class=\"vc_column-inner\"><div class=\"wpb_wrapper\">\n\t\t<div id=\"wd-5eb6b062552ae\" class=\"title-wrapper  woodmart-title-color-primary woodmart-title-style-simple woodmart-title-width-100 text-left woodmart-title-size-large\">\n\t\t\t\n\t\t\t<div class=\"liner-continer\">\n\t\t\t\t<span class=\"left-line\"><\/span>\n\t\t\t\t<h4 class=\"woodmart-title-container title  woodmart-font-weight-\" >Feedback<\/h4>\t\t\t\t\t\t\t\t<span class=\"right-line\"><\/span>\n\t\t\t<\/div>\n\t\t\t\n\t\t\t\n\t\t\t\t\t<\/div>\n\t\t\n\t\t\t\t<div class=\"promo-banner-wrapper\">\n\t\t\t<div id=\"wd-5ec168c021a29\" class=\"promo-banner banner-vr-align-bottom banner-hr-align-left banner-mask banner-hover-none color-scheme-light banner-btn-size-default banner-btn-style-default\"  >\n\n\t\t\t\t<div class=\"main-wrapp-img\">\n\t\t\t\t\t<div class=\"banner-image\">\n\t\t\t\t\t\t\t\t\t\t\t\t\t\t\t\t\t\t\t\t\t<img width=\"1880\" height=\"1253\" src=\"https:\/\/casaparinteasca.md\/wp-content\/uploads\/2020\/05\/recenzie.jpeg\" class=\"promo-banner-image image-1 attachment-full\" alt=\"\" decoding=\"async\" loading=\"lazy\" srcset=\"https:\/\/casaparinteasca.md\/wp-content\/uploads\/2020\/05\/recenzie.jpeg 1880w, https:\/\/casaparinteasca.md\/wp-content\/uploads\/2020\/05\/recenzie-300x200.jpeg 300w, https:\/\/casaparinteasca.md\/wp-content\/uploads\/2020\/05\/recenzie-1024x682.jpeg 1024w, https:\/\/casaparinteasca.md\/wp-content\/uploads\/2020\/05\/recenzie-768x512.jpeg 768w, https:\/\/casaparinteasca.md\/wp-content\/uploads\/2020\/05\/recenzie-1536x1024.jpeg 1536w, https:\/\/casaparinteasca.md\/wp-content\/uploads\/2020\/05\/recenzie-600x400.jpeg 600w\" sizes=\"(max-width: 1880px) 100vw, 1880px\" \/>\t\t\t\t\t\t\t\t\t\t\t\t\t\t\t\t\t\t<\/div>\n\t\t\t\t<\/div>\n\n\t\t\t\t<div class=\"wrapper-content-banner\">\n\t\t\t\t\t<div class=\"content-banner text-left content-width-100\">\n\t\t\t\t\t\t\t<div class=\"banner-title-wrap banner-title-custom\"><h2 class=\"banner-title woodmart-font-weight-600 font-text\">Feedback<\/h2><\/div>\n\t\t\t\t\t\t\t\t\t\t\t\t\t<div class=\"banner-inner reset-mb-10 content-size-default\">\n\t\t\t\t\t\t\t\t<\/p>\n<div class=\"img-header__subtitle\">\n<h4><span style=\"color: #ffffff;\">Toate solicit\u0103rile Dvs. se salveaz\u0103 pe site \u0219i se expediaz\u0103 prin po\u0219ta electronic\u0103.<\/span><\/h4>\n<h4><span style=\"color: #ffffff;\">La moment, set\u0103rile permit ca solicit\u0103rile s\u0103 fie expediate la adresa electronic\u0103 a directorului de marketing, tehnologului-\u0219ef, \u0219efului de control al calit\u0103\u021bii, directorului complexului industrial \u0219i office managerului.<\/span><\/h4>\n<\/div>\n<p>\n\t\t\t\t\t\t\t<\/div>\n\t\t\t\t\t\t\t\t\t\t\t\t\t\t\t\t\t<\/div>\n\t\t\t\t<\/div>\n\t\t\t\t\t\t\t<\/div>\n\t\t<\/div>\n\t\t\n\t\t<\/div><\/div><\/div><\/div><div class=\"vc_row wpb_row vc_row-fluid\"><div class=\"wpb_column vc_column_container vc_col-sm-12\"><div class=\"vc_column-inner\"><div class=\"wpb_wrapper\"><div class=\"vc_empty_space\"   style=\"height: 20px\"><span class=\"vc_empty_space_inner\"><\/span><\/div><\/div><\/div><\/div><\/div><div class=\"vc_row wpb_row vc_row-fluid\"><div class=\"wpb_column vc_column_container vc_col-sm-12\"><div class=\"vc_column-inner\"><div class=\"wpb_wrapper\"><\/div><\/div><\/div><\/div><div class=\"vc_row wpb_row vc_row-fluid\"><div class=\"wpb_column vc_column_container vc_col-sm-2 vc_hidden-xs\"><div class=\"vc_column-inner\"><div class=\"wpb_wrapper\"><\/div><\/div><\/div><div class=\"wpb_column vc_column_container vc_col-sm-8\"><div class=\"vc_column-inner\"><div class=\"wpb_wrapper\">\n\t\t<div id=\"wd-5eba5ce499976\" class=\"title-wrapper  woodmart-title-color-primary woodmart-title-style-simple woodmart-title-width-100 text-left woodmart-title-size-medium\">\n\t\t\t\n\t\t\t<div class=\"liner-continer\">\n\t\t\t\t<span class=\"left-line\"><\/span>\n\t\t\t\t<h4 class=\"woodmart-title-container title  woodmart-font-weight-\" >Completa\u021bi informa\u021biile despre dvs.<\/h4>\t\t\t\t\t\t\t\t<span class=\"right-line\"><\/span>\n\t\t\t<\/div>\n\t\t\t\n\t\t\t\n\t\t\t\t\t<\/div>\n\t\t\n\t\t\n<div class=\"wpcf7 no-js\" id=\"wpcf7-f158-o1\" lang=\"ro-RO\" dir=\"ltr\">\n<div class=\"screen-reader-response\"><p role=\"status\" aria-live=\"polite\" aria-atomic=\"true\"><\/p> <ul><\/ul><\/div>\n<form action=\"\/ru\/wp-json\/wp\/v2\/pages\/115#wpcf7-f158-o1\" method=\"post\" class=\"wpcf7-form init\" aria-label=\"Formular de contact\" novalidate=\"novalidate\" data-status=\"init\" data-trp-original-action=\"\/ru\/wp-json\/wp\/v2\/pages\/115#wpcf7-f158-o1\">\n<div style=\"display: none;\">\n<input type=\"hidden\" name=\"_wpcf7\" value=\"158\" \/>\n<input type=\"hidden\" name=\"_wpcf7_version\" value=\"5.8.2\" \/>\n<input type=\"hidden\" name=\"_wpcf7_locale\" value=\"ro_RO\" \/>\n<input type=\"hidden\" name=\"_wpcf7_unit_tag\" value=\"wpcf7-f158-o1\" \/>\n<input type=\"hidden\" name=\"_wpcf7_container_post\" value=\"0\" \/>\n<input type=\"hidden\" name=\"_wpcf7_posted_data_hash\" value=\"\" \/>\n<\/div>\n<p><label> Nume si Prenume:<br \/>\n<span class=\"wpcf7-form-control-wrap\" data-name=\"your-name\"><input size=\"40\" class=\"wpcf7-form-control wpcf7-text wpcf7-validates-as-required\" aria-required=\"true\" aria-invalid=\"false\" value=\"\" type=\"text\" name=\"your-name\" \/><\/span> <\/label>\n<\/p>\n<p><label> Adresa de email (obligatoriu)<br \/>\n<span class=\"wpcf7-form-control-wrap\" data-name=\"your-email\"><input size=\"40\" class=\"wpcf7-form-control wpcf7-email wpcf7-validates-as-required wpcf7-text wpcf7-validates-as-email\" aria-required=\"true\" aria-invalid=\"false\" value=\"\" type=\"email\" name=\"your-email\" \/><\/span> <\/label>\n<\/p>\n<p><label> Num\u0103r telefon:<br \/>\n<span class=\"wpcf7-form-control-wrap\" data-name=\"telefon\"><input size=\"40\" class=\"wpcf7-form-control wpcf7-text wpcf7-validates-as-required\" aria-required=\"true\" aria-invalid=\"false\" value=\"\" type=\"text\" name=\"telefon\" \/><\/span> <\/label>\n<\/p>\n<p><label> Mesajul t\u0103u<br \/>\n<span class=\"wpcf7-form-control-wrap\" data-name=\"your-message\"><textarea cols=\"40\" rows=\"10\" class=\"wpcf7-form-control wpcf7-textarea wpcf7-validates-as-required\" aria-required=\"true\" aria-invalid=\"false\" name=\"your-message\"><\/textarea><\/span> <\/label>\n<\/p>\n<p><input class=\"wpcf7-form-control wpcf7-submit has-spinner\" type=\"submit\" value=\"Trimite\" \/>\n<\/p><div class=\"wpcf7-response-output\" aria-hidden=\"true\"><\/div>\n<input type=\"hidden\" name=\"trp-form-language\" value=\"ru\"\/><\/form>\n<\/div>\n<\/div><\/div><\/div><div class=\"wpb_column vc_column_container vc_col-sm-2 vc_hidden-xs\"><div class=\"vc_column-inner\"><div class=\"wpb_wrapper\"><\/div><\/div><\/div><\/div>","protected":false},"excerpt":{"rendered":"Feedback Feedback Toate solicit\u0103rile Dvs. se salveaz\u0103 pe site \u0219i se expediaz\u0103 prin po\u0219ta electronic\u0103. La moment, set\u0103rile permit ca","protected":false},"author":1,"featured_media":0,"parent":0,"menu_order":0,"comment_status":"closed","ping_status":"closed","template":"","meta":{"footnotes":""},"_links":{"self":[{"href":"https:\/\/casaparinteasca.md\/ru\/wp-json\/wp\/v2\/pages\/115"}],"collection":[{"href":"https:\/\/casaparinteasca.md\/ru\/wp-json\/wp\/v2\/pages"}],"about":[{"href":"https:\/\/casaparinteasca.md\/ru\/wp-json\/wp\/v2\/types\/page"}],"author":[{"embeddable":true,"href":"https:\/\/casaparinteasca.md\/ru\/wp-json\/wp\/v2\/users\/1"}],"replies":[{"embeddable":true,"href":"https:\/\/casaparinteasca.md\/ru\/wp-json\/wp\/v2\/comments?post=115"}],"version-history":[{"count":7,"href":"https:\/\/casaparinteasca.md\/ru\/wp-json\/wp\/v2\/pages\/115\/revisions"}],"predecessor-version":[{"id":315,"href":"https:\/\/casaparinteasca.md\/ru\/wp-json\/wp\/v2\/pages\/115\/revisions\/315"}],"wp:attachment":[{"href":"https:\/\/casaparinteasca.md\/ru\/wp-json\/wp\/v2\/media?parent=115"}],"curies":[{"name":"wp","href":"https:\/\/api.w.org\/{rel}","templated":true}]}}