{"id":24,"date":"2020-05-09T10:39:25","date_gmt":"2020-05-09T10:39:25","guid":{"rendered":"https:\/\/casaparinteasca.md\/?page_id=24"},"modified":"2020-05-17T16:45:14","modified_gmt":"2020-05-17T16:45:14","slug":"cariera","status":"publish","type":"page","link":"https:\/\/casaparinteasca.md\/ru\/cariera\/","title":{"rendered":"Carier\u0103"},"content":{"rendered":"<div class=\"vc_row wpb_row vc_row-fluid\"><div class=\"wpb_column vc_column_container vc_col-sm-12\"><div class=\"vc_column-inner\"><div class=\"wpb_wrapper\">\n\t\t<div id=\"wd-5eb6ae67bc568\" class=\"title-wrapper  woodmart-title-color-primary woodmart-title-style-simple woodmart-title-width-100 text-left woodmart-title-size-large\">\n\t\t\t\n\t\t\t<div class=\"liner-continer\">\n\t\t\t\t<span class=\"left-line\"><\/span>\n\t\t\t\t<h4 class=\"woodmart-title-container title  woodmart-font-weight-\" >Carier\u0103<\/h4>\t\t\t\t\t\t\t\t<span class=\"right-line\"><\/span>\n\t\t\t<\/div>\n\t\t\t\n\t\t\t\n\t\t\t\t\t<\/div>\n\t\t\n\t\t<\/div><\/div><\/div><\/div><div class=\"vc_row wpb_row vc_row-fluid\"><div class=\"wpb_column vc_column_container vc_col-sm-12\"><div class=\"vc_column-inner\"><div class=\"wpb_wrapper\">\t\t<div class=\"promo-banner-wrapper\">\n\t\t\t<div id=\"wd-5ec169fc6c99c\" class=\"promo-banner banner-vr-align-bottom banner-hr-align-left banner-mask banner-hover-none color-scheme-light banner-btn-size-default banner-btn-style-default\"  >\n\n\t\t\t\t<div class=\"main-wrapp-img\">\n\t\t\t\t\t<div class=\"banner-image\">\n\t\t\t\t\t\t\t\t\t\t\t\t\t\t\t\t\t\t\t\t\t<img width=\"2560\" height=\"1710\" src=\"https:\/\/casaparinteasca.md\/wp-content\/uploads\/2020\/05\/job-casa-pa\u0306rinteasca\u0306-scaled.jpg\" class=\"promo-banner-image image-1 attachment-full\" alt=\"\" decoding=\"async\" loading=\"lazy\" srcset=\"https:\/\/casaparinteasca.md\/wp-content\/uploads\/2020\/05\/job-casa-pa\u0306rinteasca\u0306-scaled.jpg 2560w, https:\/\/casaparinteasca.md\/wp-content\/uploads\/2020\/05\/job-casa-pa\u0306rinteasca\u0306-300x200.jpg 300w, https:\/\/casaparinteasca.md\/wp-content\/uploads\/2020\/05\/job-casa-pa\u0306rinteasca\u0306-1024x684.jpg 1024w, https:\/\/casaparinteasca.md\/wp-content\/uploads\/2020\/05\/job-casa-pa\u0306rinteasca\u0306-768x513.jpg 768w, https:\/\/casaparinteasca.md\/wp-content\/uploads\/2020\/05\/job-casa-pa\u0306rinteasca\u0306-1536x1026.jpg 1536w, https:\/\/casaparinteasca.md\/wp-content\/uploads\/2020\/05\/job-casa-pa\u0306rinteasca\u0306-2048x1368.jpg 2048w, https:\/\/casaparinteasca.md\/wp-content\/uploads\/2020\/05\/job-casa-pa\u0306rinteasca\u0306-600x401.jpg 600w\" sizes=\"(max-width: 2560px) 100vw, 2560px\" \/>\t\t\t\t\t\t\t\t\t\t\t\t\t\t\t\t\t\t<\/div>\n\t\t\t\t<\/div>\n\n\t\t\t\t<div class=\"wrapper-content-banner\">\n\t\t\t\t\t<div class=\"content-banner text-left content-width-100\">\n\t\t\t\t\t\t\t<div class=\"banner-title-wrap banner-title-custom\"><h4 class=\"banner-title woodmart-font-weight-600\">Carier\u0103<\/h4><\/div>\n\t\t\t\t\t\t\t\t\t\t\t\t\t\t\t\t\t<\/div>\n\t\t\t\t<\/div>\n\t\t\t\t\t\t\t<\/div>\n\t\t<\/div>\n\t\t\n\t\t<\/div><\/div><\/div><\/div><div class=\"vc_row wpb_row vc_row-fluid\"><div class=\"wpb_column vc_column_container vc_col-sm-2 vc_hidden-xs\"><div class=\"vc_column-inner\"><div class=\"wpb_wrapper\"><\/div><\/div><\/div><div class=\"wpb_column vc_column_container vc_col-sm-8\"><div class=\"vc_column-inner\"><div class=\"wpb_wrapper\"><div class=\"vc_empty_space\"   style=\"height: 30px\"><span class=\"vc_empty_space_inner\"><\/span><\/div>\n<div class=\"wpcf7 no-js\" id=\"wpcf7-f179-o1\" lang=\"ro-RO\" dir=\"ltr\">\n<div class=\"screen-reader-response\"><p role=\"status\" aria-live=\"polite\" aria-atomic=\"true\"><\/p> <ul><\/ul><\/div>\n<form action=\"\/ru\/wp-json\/wp\/v2\/pages\/24#wpcf7-f179-o1\" method=\"post\" class=\"wpcf7-form init\" aria-label=\"Formular de contact\" novalidate=\"novalidate\" data-status=\"init\" data-trp-original-action=\"\/ru\/wp-json\/wp\/v2\/pages\/24#wpcf7-f179-o1\">\n<div style=\"display: none;\">\n<input type=\"hidden\" name=\"_wpcf7\" value=\"179\" \/>\n<input type=\"hidden\" name=\"_wpcf7_version\" value=\"5.8.2\" \/>\n<input type=\"hidden\" name=\"_wpcf7_locale\" value=\"ro_RO\" \/>\n<input type=\"hidden\" name=\"_wpcf7_unit_tag\" value=\"wpcf7-f179-o1\" \/>\n<input type=\"hidden\" name=\"_wpcf7_container_post\" value=\"0\" \/>\n<input type=\"hidden\" name=\"_wpcf7_posted_data_hash\" value=\"\" \/>\n<\/div>\n<p><label> Numele t\u0103u (obligatoriu)<br \/>\n<span class=\"wpcf7-form-control-wrap\" data-name=\"your-name\"><input size=\"40\" class=\"wpcf7-form-control wpcf7-text wpcf7-validates-as-required\" aria-required=\"true\" aria-invalid=\"false\" value=\"\" type=\"text\" name=\"your-name\" \/><\/span> <\/label><br \/>\n<label> Telefon (obligatoriu)<br \/>\n<span class=\"wpcf7-form-control-wrap\" data-name=\"phone\"><input size=\"40\" class=\"wpcf7-form-control wpcf7-text wpcf7-validates-as-required\" aria-required=\"true\" aria-invalid=\"false\" value=\"\" type=\"text\" name=\"phone\" \/><\/span> <\/label><br \/>\n<label> V\u00e2rsta<br \/>\n<span class=\"wpcf7-form-control-wrap\" data-name=\"your-subject\"><input size=\"40\" class=\"wpcf7-form-control wpcf7-text\" aria-invalid=\"false\" value=\"\" type=\"text\" name=\"your-subject\" \/><\/span> <\/label><br \/>\n<label> Adresa de email (obligatoriu)<br \/>\n<span class=\"wpcf7-form-control-wrap\" data-name=\"your-email\"><input size=\"40\" class=\"wpcf7-form-control wpcf7-email wpcf7-validates-as-required wpcf7-text wpcf7-validates-as-email\" aria-required=\"true\" aria-invalid=\"false\" value=\"\" type=\"email\" name=\"your-email\" \/><\/span> <\/label><br \/>\n<label> Postul Dorit:<br \/>\n<span class=\"wpcf7-form-control-wrap\" data-name=\"locuri\"><span class=\"wpcf7-form-control wpcf7-radio\"><span class=\"wpcf7-list-item first\"><input type=\"radio\" name=\"locuri\" value=\"Selecteaz\u0103 din list\u0103\" checked=\"checked\" \/><span class=\"wpcf7-list-item-label\">Selecteaz\u0103 din list\u0103<\/span><\/span><span class=\"wpcf7-list-item\"><input type=\"radio\" name=\"locuri\" value=\"Chelner\" \/><span class=\"wpcf7-list-item-label\">Chelner<\/span><\/span><span class=\"wpcf7-list-item\"><input type=\"radio\" name=\"locuri\" value=\"Buc\u0103tar\" \/><span class=\"wpcf7-list-item-label\">Buc\u0103tar<\/span><\/span><span class=\"wpcf7-list-item\"><input type=\"radio\" name=\"locuri\" value=\"Ma\u0219in\u0103 de sp\u0103lat vase\" \/><span class=\"wpcf7-list-item-label\">Ma\u0219in\u0103 de sp\u0103lat vase<\/span><\/span><span class=\"wpcf7-list-item last\"><input type=\"radio\" name=\"locuri\" value=\"Operator de livrare\" \/><span class=\"wpcf7-list-item-label\">Operator de livrare<\/span><\/span><\/span><\/span><\/label>\n<\/p>\n<div align=\"center\">\n\t<p><input class=\"wpcf7-form-control wpcf7-submit has-spinner\" type=\"submit\" value=\"Trimite\" \/>\n\t<\/p>\n<\/div><div class=\"wpcf7-response-output\" aria-hidden=\"true\"><\/div>\n<input type=\"hidden\" name=\"trp-form-language\" value=\"ru\"\/><\/form>\n<\/div>\n<\/div><\/div><\/div><div class=\"wpb_column vc_column_container vc_col-sm-2 vc_hidden-xs\"><div class=\"vc_column-inner\"><div class=\"wpb_wrapper\"><\/div><\/div><\/div><\/div>","protected":false},"excerpt":{"rendered":"Carier\u0103 Carier\u0103 Numele t\u0103u (obligatoriu) Telefon (obligatoriu) V\u00e2rsta Adresa de email (obligatoriu) Postul Dorit: Selecteaz\u0103 din list\u0103ChelnerBuc\u0103tarMa\u0219in\u0103 de sp\u0103lat vaseOperator","protected":false},"author":1,"featured_media":0,"parent":0,"menu_order":0,"comment_status":"closed","ping_status":"closed","template":"","meta":{"footnotes":""},"_links":{"self":[{"href":"https:\/\/casaparinteasca.md\/ru\/wp-json\/wp\/v2\/pages\/24"}],"collection":[{"href":"https:\/\/casaparinteasca.md\/ru\/wp-json\/wp\/v2\/pages"}],"about":[{"href":"https:\/\/casaparinteasca.md\/ru\/wp-json\/wp\/v2\/types\/page"}],"author":[{"embeddable":true,"href":"https:\/\/casaparinteasca.md\/ru\/wp-json\/wp\/v2\/users\/1"}],"replies":[{"embeddable":true,"href":"https:\/\/casaparinteasca.md\/ru\/wp-json\/wp\/v2\/comments?post=24"}],"version-history":[{"count":5,"href":"https:\/\/casaparinteasca.md\/ru\/wp-json\/wp\/v2\/pages\/24\/revisions"}],"predecessor-version":[{"id":317,"href":"https:\/\/casaparinteasca.md\/ru\/wp-json\/wp\/v2\/pages\/24\/revisions\/317"}],"wp:attachment":[{"href":"https:\/\/casaparinteasca.md\/ru\/wp-json\/wp\/v2\/media?parent=24"}],"curies":[{"name":"wp","href":"https:\/\/api.w.org\/{rel}","templated":true}]}}