{"id":30,"date":"2020-05-09T10:40:45","date_gmt":"2020-05-09T10:40:45","guid":{"rendered":"https:\/\/casaparinteasca.md\/?page_id=30"},"modified":"2023-01-27T10:00:48","modified_gmt":"2023-01-27T10:00:48","slug":"livrare","status":"publish","type":"page","link":"https:\/\/casaparinteasca.md\/ru\/livrare\/","title":{"rendered":"Livrare"},"content":{"rendered":"<div class=\"vc_row wpb_row vc_row-fluid\"><div class=\"wpb_column vc_column_container vc_col-sm-12\"><div class=\"vc_column-inner\"><div class=\"wpb_wrapper\">\n\t\t<div id=\"wd-5eb6ae01617a7\" class=\"title-wrapper  woodmart-title-color-primary woodmart-title-style-simple woodmart-title-width-100 text-left woodmart-title-size-large\">\n\t\t\t\n\t\t\t<div class=\"liner-continer\">\n\t\t\t\t<span class=\"left-line\"><\/span>\n\t\t\t\t<h4 class=\"woodmart-title-container title  woodmart-font-weight-\" >Ridicare din Restaurant<\/h4>\t\t\t\t\t\t\t\t<span class=\"right-line\"><\/span>\n\t\t\t<\/div>\n\t\t\t\n\t\t\t\n\t\t\t\t\t<\/div>\n\t\t\n\t\t<\/div><\/div><\/div><\/div><div class=\"vc_row wpb_row vc_row-fluid\"><div class=\"wpb_column vc_column_container vc_col-sm-12\"><div class=\"vc_column-inner\"><div class=\"wpb_wrapper\">\n\t<div class=\"wpb_text_column wpb_content_element\" >\n\t\t<div class=\"wpb_wrapper\">\n\t\t\t<p>La moment serviciul Livrare nu este Disponibil.<\/p>\n<p><b>\u00a0<\/b><\/p>\n<p><strong>Efectuarea comenzii prin telefon<\/strong><br \/>\nPute\u021bi efectua comanda prin telefon, ulterior sa o ridica\u021bi din Restaurant, lu\u00e2nd leg\u0103tura cu un operator a call-centerului, la num\u0103rul de telefon 078455500, 022846555.<\/p>\n<p><b>\u00a0\u00a0<\/b><\/p>\n<p><strong>Metode de plat\u0103<\/strong><br \/>\nLa efectuarea comenzii, plata se poate efectua \u00een urm\u0103toarele moduri:<\/p>\n<p>\u2013 cu bani cash la primirea comenzii;<br \/>\n\u2013 cu cardul bancar (VISA, MasterCard, Maestro) la primirea comenzii.<\/p>\n<p>&nbsp;<\/p>\n<p><strong>Primirea comenzii<\/strong><br \/>\nLa primirea comenzii asigura\u021bi-v\u0103 c\u0103 a\u021bi primit bonului fiscal sau a slip-bonului (\u00een caz c\u0103 achita\u021bi cu cardul bancar).<\/p>\n<p>La primirea comenzii verifica\u021bi cantitatea \u0219i sortimentul conform bonului.<\/p>\n\n\t\t<\/div>\n\t<\/div>\n<\/div><\/div><\/div><\/div>","protected":false},"excerpt":{"rendered":"Ridicare din Restaurant La moment serviciul Livrare nu este Disponibil. \u00a0 Efectuarea comenzii prin telefon Pute\u021bi efectua comanda prin telefon,","protected":false},"author":1,"featured_media":0,"parent":0,"menu_order":0,"comment_status":"closed","ping_status":"closed","template":"","meta":{"footnotes":""},"_links":{"self":[{"href":"https:\/\/casaparinteasca.md\/ru\/wp-json\/wp\/v2\/pages\/30"}],"collection":[{"href":"https:\/\/casaparinteasca.md\/ru\/wp-json\/wp\/v2\/pages"}],"about":[{"href":"https:\/\/casaparinteasca.md\/ru\/wp-json\/wp\/v2\/types\/page"}],"author":[{"embeddable":true,"href":"https:\/\/casaparinteasca.md\/ru\/wp-json\/wp\/v2\/users\/1"}],"replies":[{"embeddable":true,"href":"https:\/\/casaparinteasca.md\/ru\/wp-json\/wp\/v2\/comments?post=30"}],"version-history":[{"count":6,"href":"https:\/\/casaparinteasca.md\/ru\/wp-json\/wp\/v2\/pages\/30\/revisions"}],"predecessor-version":[{"id":836,"href":"https:\/\/casaparinteasca.md\/ru\/wp-json\/wp\/v2\/pages\/30\/revisions\/836"}],"wp:attachment":[{"href":"https:\/\/casaparinteasca.md\/ru\/wp-json\/wp\/v2\/media?parent=30"}],"curies":[{"name":"wp","href":"https:\/\/api.w.org\/{rel}","templated":true}]}}