{"id":616,"date":"2020-06-20T09:35:40","date_gmt":"2020-06-20T09:35:40","guid":{"rendered":"https:\/\/casaparinteasca.md\/shop\/fara-categorie\/import-placeholder-for-463\/"},"modified":"2026-03-17T13:18:17","modified_gmt":"2026-03-17T13:18:17","slug":"carnaciori-la-gratar-cu-salata-din-varza","status":"publish","type":"product","link":"https:\/\/casaparinteasca.md\/ru\/shop\/calde\/carne-si-peste\/carnaciori-la-gratar-cu-salata-din-varza\/","title":{"rendered":"C\u00e2rn\u0103ciori la gr\u0103tar cu salat\u0103 din varz\u0103"},"content":{"rendered":"","protected":false},"excerpt":{"rendered":"<p>1\/150\/100\/50 g<\/p>","protected":false},"featured_media":0,"comment_status":"closed","ping_status":"closed","template":"","meta":[],"product_cat":[22,23],"product_tag":[],"_links":{"self":[{"href":"https:\/\/casaparinteasca.md\/ru\/wp-json\/wp\/v2\/product\/616"}],"collection":[{"href":"https:\/\/casaparinteasca.md\/ru\/wp-json\/wp\/v2\/product"}],"about":[{"href":"https:\/\/casaparinteasca.md\/ru\/wp-json\/wp\/v2\/types\/product"}],"replies":[{"embeddable":true,"href":"https:\/\/casaparinteasca.md\/ru\/wp-json\/wp\/v2\/comments?post=616"}],"wp:attachment":[{"href":"https:\/\/casaparinteasca.md\/ru\/wp-json\/wp\/v2\/media?parent=616"}],"wp:term":[{"taxonomy":"product_cat","embeddable":true,"href":"https:\/\/casaparinteasca.md\/ru\/wp-json\/wp\/v2\/product_cat?post=616"},{"taxonomy":"product_tag","embeddable":true,"href":"https:\/\/casaparinteasca.md\/ru\/wp-json\/wp\/v2\/product_tag?post=616"}],"curies":[{"name":"wp","href":"https:\/\/api.w.org\/{rel}","templated":true}]}}