{"id":652,"date":"2020-06-20T09:35:53","date_gmt":"2020-06-20T09:35:53","guid":{"rendered":"https:\/\/casaparinteasca.md\/shop\/fara-categorie\/import-placeholder-for-499\/"},"modified":"2026-03-17T12:42:49","modified_gmt":"2026-03-17T12:42:49","slug":"friptura-in-ulcica","status":"publish","type":"product","link":"https:\/\/casaparinteasca.md\/ru\/shop\/calde\/carne-si-peste\/friptura-in-ulcica\/","title":{"rendered":"Friptur\u0103 \u00een ulcic\u0103"},"content":{"rendered":"","protected":false},"excerpt":{"rendered":"<div class=\"woocommerce-product-details__short-description\">\n<p>1\/100\/250 g<\/p>\n<\/div>\n<form class=\"cart\" action=\"https:\/\/casaparinteasca.md\/ru\/shop\/supe\/bors-rosu-cu-carne-de-porc\/\" enctype=\"multipart\/form-data\" method=\"post\" data-trp-original-action=\"https:\/\/casaparinteasca.md\/shop\/supe\/bors-rosu-cu-carne-de-porc\/\">\n<div class=\"quantity\">carne de porc, legume, cartofi<\/div>\n<input type=\"hidden\" name=\"trp-form-language\" value=\"ru\"\/><\/form>","protected":false},"featured_media":0,"comment_status":"closed","ping_status":"closed","template":"","meta":[],"product_cat":[16,22,23],"product_tag":[],"_links":{"self":[{"href":"https:\/\/casaparinteasca.md\/ru\/wp-json\/wp\/v2\/product\/652"}],"collection":[{"href":"https:\/\/casaparinteasca.md\/ru\/wp-json\/wp\/v2\/product"}],"about":[{"href":"https:\/\/casaparinteasca.md\/ru\/wp-json\/wp\/v2\/types\/product"}],"replies":[{"embeddable":true,"href":"https:\/\/casaparinteasca.md\/ru\/wp-json\/wp\/v2\/comments?post=652"}],"wp:attachment":[{"href":"https:\/\/casaparinteasca.md\/ru\/wp-json\/wp\/v2\/media?parent=652"}],"wp:term":[{"taxonomy":"product_cat","embeddable":true,"href":"https:\/\/casaparinteasca.md\/ru\/wp-json\/wp\/v2\/product_cat?post=652"},{"taxonomy":"product_tag","embeddable":true,"href":"https:\/\/casaparinteasca.md\/ru\/wp-json\/wp\/v2\/product_tag?post=652"}],"curies":[{"name":"wp","href":"https:\/\/api.w.org\/{rel}","templated":true}]}}