{"id":658,"date":"2020-06-20T09:36:03","date_gmt":"2020-06-20T09:36:03","guid":{"rendered":"https:\/\/casaparinteasca.md\/shop\/fara-categorie\/import-placeholder-for-504\/"},"modified":"2025-05-14T07:41:41","modified_gmt":"2025-05-14T07:41:41","slug":"iepure-in-sos-de-smantana-cu-ciuperci","status":"publish","type":"product","link":"https:\/\/casaparinteasca.md\/ru\/shop\/calde\/carne-si-peste\/iepure-in-sos-de-smantana-cu-ciuperci\/","title":{"rendered":"Iepure \u00een sos de sm\u00e2nt\u00e2n\u0103 cu ciuperci"},"content":{"rendered":"","protected":false},"excerpt":{"rendered":"<p>1\/200\/100 g<\/p>","protected":false},"featured_media":0,"comment_status":"closed","ping_status":"closed","template":"","meta":[],"product_cat":[22,23],"product_tag":[],"_links":{"self":[{"href":"https:\/\/casaparinteasca.md\/ru\/wp-json\/wp\/v2\/product\/658"}],"collection":[{"href":"https:\/\/casaparinteasca.md\/ru\/wp-json\/wp\/v2\/product"}],"about":[{"href":"https:\/\/casaparinteasca.md\/ru\/wp-json\/wp\/v2\/types\/product"}],"replies":[{"embeddable":true,"href":"https:\/\/casaparinteasca.md\/ru\/wp-json\/wp\/v2\/comments?post=658"}],"wp:attachment":[{"href":"https:\/\/casaparinteasca.md\/ru\/wp-json\/wp\/v2\/media?parent=658"}],"wp:term":[{"taxonomy":"product_cat","embeddable":true,"href":"https:\/\/casaparinteasca.md\/ru\/wp-json\/wp\/v2\/product_cat?post=658"},{"taxonomy":"product_tag","embeddable":true,"href":"https:\/\/casaparinteasca.md\/ru\/wp-json\/wp\/v2\/product_tag?post=658"}],"curies":[{"name":"wp","href":"https:\/\/api.w.org\/{rel}","templated":true}]}}