{"id":667,"date":"2020-06-20T09:36:03","date_gmt":"2020-06-20T09:36:03","guid":{"rendered":"https:\/\/casaparinteasca.md\/shop\/fara-categorie\/import-placeholder-for-513\/"},"modified":"2025-05-14T07:40:41","modified_gmt":"2025-05-14T07:40:41","slug":"mamaliga-cu-branza-si-smantana","status":"publish","type":"product","link":"https:\/\/casaparinteasca.md\/ru\/shop\/calde\/garnituri\/mamaliga-cu-branza-si-smantana\/","title":{"rendered":"M\u0103m\u0103lig\u0103 cu br\u00e2nz\u0103 \u0219i sm\u00e2nt\u00e2n\u0103"},"content":{"rendered":"","protected":false},"excerpt":{"rendered":"<p>1\/200\/30\/50 g<\/p>","protected":false},"featured_media":280,"comment_status":"closed","ping_status":"closed","template":"","meta":[],"product_cat":[22,26],"product_tag":[],"_links":{"self":[{"href":"https:\/\/casaparinteasca.md\/ru\/wp-json\/wp\/v2\/product\/667"}],"collection":[{"href":"https:\/\/casaparinteasca.md\/ru\/wp-json\/wp\/v2\/product"}],"about":[{"href":"https:\/\/casaparinteasca.md\/ru\/wp-json\/wp\/v2\/types\/product"}],"replies":[{"embeddable":true,"href":"https:\/\/casaparinteasca.md\/ru\/wp-json\/wp\/v2\/comments?post=667"}],"wp:featuredmedia":[{"embeddable":true,"href":"https:\/\/casaparinteasca.md\/ru\/wp-json\/wp\/v2\/media\/280"}],"wp:attachment":[{"href":"https:\/\/casaparinteasca.md\/ru\/wp-json\/wp\/v2\/media?parent=667"}],"wp:term":[{"taxonomy":"product_cat","embeddable":true,"href":"https:\/\/casaparinteasca.md\/ru\/wp-json\/wp\/v2\/product_cat?post=667"},{"taxonomy":"product_tag","embeddable":true,"href":"https:\/\/casaparinteasca.md\/ru\/wp-json\/wp\/v2\/product_tag?post=667"}],"curies":[{"name":"wp","href":"https:\/\/api.w.org\/{rel}","templated":true}]}}