{"id":683,"date":"2020-06-20T09:36:04","date_gmt":"2020-06-20T09:36:04","guid":{"rendered":"https:\/\/casaparinteasca.md\/shop\/fara-categorie\/import-placeholder-for-529\/"},"modified":"2025-05-14T07:36:36","modified_gmt":"2025-05-14T07:36:36","slug":"placinte-cu-branza-de-oi","status":"publish","type":"product","link":"https:\/\/casaparinteasca.md\/ru\/shop\/placinte\/placinte-cu-branza-de-oi\/","title":{"rendered":"Pl\u0103cinte cu br\u00e2nz\u0103 de oi"},"content":{"rendered":"<p><img decoding=\"async\" loading=\"lazy\" class=\"alignnone  wp-image-790\" src=\"https:\/\/casaparinteasca.md\/wp-content\/uploads\/2020\/06\/Pl\u0103cint\u0103-cu-br\u00e2nz\u0103-de-vaci-\u0219i-verdea\u021b\u0103-225x300.jpg\" alt=\"\" width=\"203\" height=\"271\" srcset=\"https:\/\/casaparinteasca.md\/wp-content\/uploads\/2020\/06\/Pl\u0103cint\u0103-cu-br\u00e2nz\u0103-de-vaci-\u0219i-verdea\u021b\u0103-225x300.jpg 225w, https:\/\/casaparinteasca.md\/wp-content\/uploads\/2020\/06\/Pl\u0103cint\u0103-cu-br\u00e2nz\u0103-de-vaci-\u0219i-verdea\u021b\u0103-770x1024.jpg 770w, https:\/\/casaparinteasca.md\/wp-content\/uploads\/2020\/06\/Pl\u0103cint\u0103-cu-br\u00e2nz\u0103-de-vaci-\u0219i-verdea\u021b\u0103-768x1022.jpg 768w, https:\/\/casaparinteasca.md\/wp-content\/uploads\/2020\/06\/Pl\u0103cint\u0103-cu-br\u00e2nz\u0103-de-vaci-\u0219i-verdea\u021b\u0103-1154x1536.jpg 1154w, https:\/\/casaparinteasca.md\/wp-content\/uploads\/2020\/06\/Pl\u0103cint\u0103-cu-br\u00e2nz\u0103-de-vaci-\u0219i-verdea\u021b\u0103-1539x2048.jpg 1539w, https:\/\/casaparinteasca.md\/wp-content\/uploads\/2020\/06\/Pl\u0103cint\u0103-cu-br\u00e2nz\u0103-de-vaci-\u0219i-verdea\u021b\u0103-600x798.jpg 600w, https:\/\/casaparinteasca.md\/wp-content\/uploads\/2020\/06\/Pl\u0103cint\u0103-cu-br\u00e2nz\u0103-de-vaci-\u0219i-verdea\u021b\u0103-scaled.jpg 1924w\" sizes=\"(max-width: 203px) 100vw, 203px\" \/><\/p>","protected":false},"excerpt":{"rendered":"<p>1\/300 g<\/p>","protected":false},"featured_media":0,"comment_status":"closed","ping_status":"closed","template":"","meta":[],"product_cat":[27],"product_tag":[],"_links":{"self":[{"href":"https:\/\/casaparinteasca.md\/ru\/wp-json\/wp\/v2\/product\/683"}],"collection":[{"href":"https:\/\/casaparinteasca.md\/ru\/wp-json\/wp\/v2\/product"}],"about":[{"href":"https:\/\/casaparinteasca.md\/ru\/wp-json\/wp\/v2\/types\/product"}],"replies":[{"embeddable":true,"href":"https:\/\/casaparinteasca.md\/ru\/wp-json\/wp\/v2\/comments?post=683"}],"wp:attachment":[{"href":"https:\/\/casaparinteasca.md\/ru\/wp-json\/wp\/v2\/media?parent=683"}],"wp:term":[{"taxonomy":"product_cat","embeddable":true,"href":"https:\/\/casaparinteasca.md\/ru\/wp-json\/wp\/v2\/product_cat?post=683"},{"taxonomy":"product_tag","embeddable":true,"href":"https:\/\/casaparinteasca.md\/ru\/wp-json\/wp\/v2\/product_tag?post=683"}],"curies":[{"name":"wp","href":"https:\/\/api.w.org\/{rel}","templated":true}]}}