{"id":684,"date":"2020-06-20T09:36:04","date_gmt":"2020-06-20T09:36:04","guid":{"rendered":"https:\/\/casaparinteasca.md\/shop\/fara-categorie\/import-placeholder-for-530\/"},"modified":"2023-01-17T16:48:22","modified_gmt":"2023-01-17T16:48:22","slug":"placinte-cu-branza-de-oi-si-cartofi","status":"publish","type":"product","link":"https:\/\/casaparinteasca.md\/ru\/shop\/placinte\/placinte-cu-branza-de-oi-si-cartofi\/","title":{"rendered":"Pl\u0103cinte cu br\u00e2nz\u0103 de oi \u0219i cartofi"},"content":{"rendered":"","protected":false},"excerpt":{"rendered":"<p>1\/300 g<\/p>","protected":false},"featured_media":0,"comment_status":"closed","ping_status":"closed","template":"","meta":[],"product_cat":[27],"product_tag":[],"_links":{"self":[{"href":"https:\/\/casaparinteasca.md\/ru\/wp-json\/wp\/v2\/product\/684"}],"collection":[{"href":"https:\/\/casaparinteasca.md\/ru\/wp-json\/wp\/v2\/product"}],"about":[{"href":"https:\/\/casaparinteasca.md\/ru\/wp-json\/wp\/v2\/types\/product"}],"replies":[{"embeddable":true,"href":"https:\/\/casaparinteasca.md\/ru\/wp-json\/wp\/v2\/comments?post=684"}],"wp:attachment":[{"href":"https:\/\/casaparinteasca.md\/ru\/wp-json\/wp\/v2\/media?parent=684"}],"wp:term":[{"taxonomy":"product_cat","embeddable":true,"href":"https:\/\/casaparinteasca.md\/ru\/wp-json\/wp\/v2\/product_cat?post=684"},{"taxonomy":"product_tag","embeddable":true,"href":"https:\/\/casaparinteasca.md\/ru\/wp-json\/wp\/v2\/product_tag?post=684"}],"curies":[{"name":"wp","href":"https:\/\/api.w.org\/{rel}","templated":true}]}}