{"id":685,"date":"2020-06-20T09:36:05","date_gmt":"2020-06-20T09:36:05","guid":{"rendered":"https:\/\/casaparinteasca.md\/shop\/fara-categorie\/import-placeholder-for-531\/"},"modified":"2025-05-14T07:35:05","modified_gmt":"2025-05-14T07:35:05","slug":"placinte-cu-branza-de-vaci-si-verdeata","status":"publish","type":"product","link":"https:\/\/casaparinteasca.md\/ru\/shop\/placinte\/placinte-cu-branza-de-vaci-si-verdeata\/","title":{"rendered":"Pl\u0103cinte cu br\u00e2nz\u0103 de vaci \u0219i verdea\u021b\u0103"},"content":{"rendered":"","protected":false},"excerpt":{"rendered":"<p>1\/300 g<\/p>","protected":false},"featured_media":790,"comment_status":"closed","ping_status":"closed","template":"","meta":[],"product_cat":[27],"product_tag":[],"_links":{"self":[{"href":"https:\/\/casaparinteasca.md\/ru\/wp-json\/wp\/v2\/product\/685"}],"collection":[{"href":"https:\/\/casaparinteasca.md\/ru\/wp-json\/wp\/v2\/product"}],"about":[{"href":"https:\/\/casaparinteasca.md\/ru\/wp-json\/wp\/v2\/types\/product"}],"replies":[{"embeddable":true,"href":"https:\/\/casaparinteasca.md\/ru\/wp-json\/wp\/v2\/comments?post=685"}],"wp:featuredmedia":[{"embeddable":true,"href":"https:\/\/casaparinteasca.md\/ru\/wp-json\/wp\/v2\/media\/790"}],"wp:attachment":[{"href":"https:\/\/casaparinteasca.md\/ru\/wp-json\/wp\/v2\/media?parent=685"}],"wp:term":[{"taxonomy":"product_cat","embeddable":true,"href":"https:\/\/casaparinteasca.md\/ru\/wp-json\/wp\/v2\/product_cat?post=685"},{"taxonomy":"product_tag","embeddable":true,"href":"https:\/\/casaparinteasca.md\/ru\/wp-json\/wp\/v2\/product_tag?post=685"}],"curies":[{"name":"wp","href":"https:\/\/api.w.org\/{rel}","templated":true}]}}