{"id":728,"date":"2020-06-20T09:36:29","date_gmt":"2020-06-20T09:36:29","guid":{"rendered":"https:\/\/casaparinteasca.md\/shop\/fara-categorie\/import-placeholder-for-574\/"},"modified":"2026-03-17T11:44:39","modified_gmt":"2026-03-17T11:44:39","slug":"tocana-din-piept-de-pui-cu-mamaliga-branza-si-smantana","status":"publish","type":"product","link":"https:\/\/casaparinteasca.md\/ru\/shop\/calde\/tocana-din-piept-de-pui-cu-mamaliga-branza-si-smantana\/","title":{"rendered":"Tocan\u0103 din piept de pui cu m\u0103m\u0103lig\u0103, br\u00e2nz\u0103 \u0219i sm\u00e2nt\u00e2n\u0103"},"content":{"rendered":"","protected":false},"excerpt":{"rendered":"<p>1\/150\/200\/50\/50 g<\/p>","protected":false},"featured_media":801,"comment_status":"closed","ping_status":"closed","template":"","meta":[],"product_cat":[22,23],"product_tag":[],"_links":{"self":[{"href":"https:\/\/casaparinteasca.md\/ru\/wp-json\/wp\/v2\/product\/728"}],"collection":[{"href":"https:\/\/casaparinteasca.md\/ru\/wp-json\/wp\/v2\/product"}],"about":[{"href":"https:\/\/casaparinteasca.md\/ru\/wp-json\/wp\/v2\/types\/product"}],"replies":[{"embeddable":true,"href":"https:\/\/casaparinteasca.md\/ru\/wp-json\/wp\/v2\/comments?post=728"}],"wp:featuredmedia":[{"embeddable":true,"href":"https:\/\/casaparinteasca.md\/ru\/wp-json\/wp\/v2\/media\/801"}],"wp:attachment":[{"href":"https:\/\/casaparinteasca.md\/ru\/wp-json\/wp\/v2\/media?parent=728"}],"wp:term":[{"taxonomy":"product_cat","embeddable":true,"href":"https:\/\/casaparinteasca.md\/ru\/wp-json\/wp\/v2\/product_cat?post=728"},{"taxonomy":"product_tag","embeddable":true,"href":"https:\/\/casaparinteasca.md\/ru\/wp-json\/wp\/v2\/product_tag?post=728"}],"curies":[{"name":"wp","href":"https:\/\/api.w.org\/{rel}","templated":true}]}}